{"id":141,"date":"2022-02-06T20:14:45","date_gmt":"2022-02-06T20:14:45","guid":{"rendered":"https:\/\/teststation.schwabenpraxis.de\/?page_id=141"},"modified":"2022-02-06T21:36:03","modified_gmt":"2022-02-06T21:36:03","slug":"leistungsangebot","status":"publish","type":"page","link":"https:\/\/teststation.schwabenpraxis.de\/?page_id=141","title":{"rendered":"Leistungsangebot"},"content":{"rendered":"\n<p>Wir sind eine klassische Hausarztpraxis und haben uns als Diabetes-Facharztpraxis im Bereich des Diabetes spezialisiert.<\/p>\n\n\n\n<figure class=\"wp-block-pullquote\"><blockquote><p>Die drei Fach\u00e4rzte f\u00fcr Innere Medizin, 4 Diabetesberaterinnen, eine Ern\u00e4hrungsberaterin und viele qualifizierte Medizinische Fachangestellte k\u00fcmmern sich um Ihre Gesundheit.<\/p><\/blockquote><\/figure>\n\n\n\n<figure class=\"wp-block-image\"><img loading=\"lazy\" decoding=\"async\" width=\"295\" height=\"238\" src=\"https:\/\/teststation.schwabenpraxis.de\/wp-content\/uploads\/2022\/02\/scherer-unten-1.jpg\" alt=\"\" class=\"wp-image-189\"\/><figcaption>M. Scherer &#8211; Facharzt f\u00fcr Innere Medizin und Diabetologie<\/figcaption><\/figure>\n\n\n\n<figure class=\"wp-block-image size-full\"><img loading=\"lazy\" decoding=\"async\" width=\"296\" height=\"238\" src=\"https:\/\/teststation.schwabenpraxis.de\/wp-content\/uploads\/2022\/02\/koenig-s.jpg\" alt=\"\" class=\"wp-image-190\"\/><figcaption>Dr. K\u00f6nig &#8211; Facharzt f\u00fcr Innere Medizin und Allgemeinmedizin<\/figcaption><\/figure>\n\n\n\n<figure class=\"wp-block-image size-full\"><img loading=\"lazy\" decoding=\"async\" width=\"296\" height=\"238\" src=\"https:\/\/teststation.schwabenpraxis.de\/wp-content\/uploads\/2022\/02\/espe-s.jpg\" alt=\"\" class=\"wp-image-191\"\/><figcaption>Dr. Espe &#8211; Facharzt f\u00fcr Innere Medizin<\/figcaption><\/figure>\n\n\n\n<p>Leistungsangebot<\/p>\n\n\n\n<ul class=\"wp-block-list\"><li>Haus\u00e4rztliche Betreuung<\/li><li>Gesundheituntersuchung<\/li><li>Akutversorgung und Nachbehandlung kleinerer chirurgischer Verletzungen und Wundversorgung<\/li><li>Hautkrebsvorsorge<\/li><li>Ultraschall des Abdomen<\/li><li>Betreuung\/ Hausbesuche in den Schussenrieder Pflegeheimen<\/li><li>Ern\u00e4hrungsberatung<\/li><li>DMP Programme (KHK\/Asthma\/COPD\/Diabetes)<\/li><li>Diabetesberatung<\/li><li>Sozialmedizin: Reha-Antr\u00e4ge etc<\/li><li>und vieles mehr<\/li><\/ul>\n\n\n\n<p><\/p>\n","protected":false},"excerpt":{"rendered":"<p>Wir sind eine klassische Hausarztpraxis und haben uns als Diabetes-Facharztpraxis im Bereich des Diabetes spezialisiert. Die drei Fach\u00e4rzte f\u00fcr Innere Medizin, 4 Diabetesberaterinnen, eine Ern\u00e4hrungsberaterin und viele qualifizierte Medizinische Fachangestellte k\u00fcmmern sich um Ihre Gesundheit. Leistungsangebot Haus\u00e4rztliche Betreuung Gesundheituntersuchung Akutversorgung und Nachbehandlung kleinerer chirurgischer Verletzungen und Wundversorgung Hautkrebsvorsorge Ultraschall des Abdomen Betreuung\/ Hausbesuche in den [&hellip;]<\/p>\n","protected":false},"author":1,"featured_media":0,"parent":0,"menu_order":0,"comment_status":"closed","ping_status":"closed","template":"","meta":{"_et_pb_use_builder":"","_et_pb_old_content":"","_et_gb_content_width":"","footnotes":""},"class_list":["post-141","page","type-page","status-publish","hentry"],"_links":{"self":[{"href":"https:\/\/teststation.schwabenpraxis.de\/index.php?rest_route=\/wp\/v2\/pages\/141","targetHints":{"allow":["GET"]}}],"collection":[{"href":"https:\/\/teststation.schwabenpraxis.de\/index.php?rest_route=\/wp\/v2\/pages"}],"about":[{"href":"https:\/\/teststation.schwabenpraxis.de\/index.php?rest_route=\/wp\/v2\/types\/page"}],"author":[{"embeddable":true,"href":"https:\/\/teststation.schwabenpraxis.de\/index.php?rest_route=\/wp\/v2\/users\/1"}],"replies":[{"embeddable":true,"href":"https:\/\/teststation.schwabenpraxis.de\/index.php?rest_route=%2Fwp%2Fv2%2Fcomments&post=141"}],"version-history":[{"count":10,"href":"https:\/\/teststation.schwabenpraxis.de\/index.php?rest_route=\/wp\/v2\/pages\/141\/revisions"}],"predecessor-version":[{"id":196,"href":"https:\/\/teststation.schwabenpraxis.de\/index.php?rest_route=\/wp\/v2\/pages\/141\/revisions\/196"}],"wp:attachment":[{"href":"https:\/\/teststation.schwabenpraxis.de\/index.php?rest_route=%2Fwp%2Fv2%2Fmedia&parent=141"}],"curies":[{"name":"wp","href":"https:\/\/api.w.org\/{rel}","templated":true}]}}